{"id":10,"date":"2026-03-17T06:06:39","date_gmt":"2026-03-17T06:06:39","guid":{"rendered":"http:\/\/banggiahabitatgrand.com\/?page_id=10"},"modified":"2026-03-17T06:07:31","modified_gmt":"2026-03-17T06:07:31","slug":"coming-soon","status":"publish","type":"page","link":"https:\/\/taxixanhgialai.com\/","title":{"rendered":"coming soon"},"content":{"rendered":"<div class=\"message-box relative dark\" style=\"padding-top:7px;padding-bottom:7px;\"><div class=\"message-box-bg-image bg-fill fill\" ><\/div><div class=\"message-box-bg-overlay bg-fill fill\" style=\"background-color:rgb(69, 69, 69);\"><\/div><div class=\"container relative\"><div class=\"inner last-reset\">\n<div class=\"row row-collapse row-full-width\"  id=\"row-856113026\">\n\n\t<div id=\"col-1773450120\" class=\"col medium-7 small-12 large-7\"  >\n\t\t\t\t<div class=\"col-inner text-center\"  >\n\t\t\t\n\t\t\t\n<p><strong>BIG SUMMER SALE HAS STARTED. UP TO 70% OFF \u00a0\u00a0<\/strong>Make sure you<\/p>\n\t\t<\/div>\n\t\t\t\t\t<\/div>\n\n\t\n\n\t<div id=\"col-439689140\" class=\"col medium-5 small-12 large-5\"  >\n\t\t\t\t<div class=\"col-inner text-center\"  >\n\t\t\t\n\t\t\t\n<span id=\"timer-1752867403\" class=\"ux-timer-text\" data-text-plural=\"s\" data-text-hour=\"hour\" data-text-day=\"day\" data-text-week=\"week\" data-text-min=\"min\" data-text-sec=\"sec\" data-text-hour-p=\"\" data-text-day-p=\"\" data-text-week-p=\"\" data-text-min-p=\"\" data-text-sec-p=\"\" data-countdown=\"2021\/12\/31 18:00\"><\/span>\n<style>\n#timer-1752867403 {\n  font-size: 94%;\n}\n<\/style>\n\n\t\t<\/div>\n\t\t\t\t\t<\/div>\n\n\t\n<\/div>\n<\/div><\/div><\/div>\n<div class=\"slider-wrapper relative\" id=\"slider-557852802\" >\n    <div class=\"slider slider-nav-circle slider-nav-large slider-nav-light slider-style-normal\"\n        data-flickity-options='{\n            \"cellAlign\": \"center\",\n            \"imagesLoaded\": true,\n            \"lazyLoad\": 1,\n            \"freeScroll\": false,\n            \"wrapAround\": true,\n            \"autoPlay\": 6000,\n            \"pauseAutoPlayOnHover\" : true,\n            \"prevNextButtons\": true,\n            \"contain\" : true,\n            \"adaptiveHeight\" : true,\n            \"dragThreshold\" : 10,\n            \"percentPosition\": true,\n            \"pageDots\": true,\n            \"rightToLeft\": false,\n            \"draggable\": true,\n            \"selectedAttraction\": 0.1,\n            \"parallax\" : 0,\n            \"friction\": 0.6        }'\n        >\n        \n\n  <div class=\"banner has-hover\" id=\"banner-747564430\">\n          <div class=\"banner-inner fill\">\n        <div class=\"banner-bg fill\" >\n            <div class=\"bg fill bg-fill \"><\/div>\n                        <div class=\"overlay\"><\/div>            \n                    <\/div>\n\t\t\n        <div class=\"banner-layers container\">\n            <div class=\"fill banner-link\"><\/div>            \n   <div id=\"text-box-1732445231\" class=\"text-box banner-layer x50 md-x50 lg-x50 y50 md-y50 lg-y50 res-text\">\n                                <div class=\"text-box-content text dark\">\n              \n              <div class=\"text-inner text-center\">\n                  \n<p class=\"alt-font\"><span style=\"font-size: 200%;\">It has finally started<\/span><\/p>\n<h1><span style=\"font-size: 130%;\"><strong>BIG SUMMER SALE<\/strong><\/span><\/h1>\n<div id=\"timer-656481771\" class=\"ux-timer light\" data-text-plural=\"s\" data-text-hour=\"hour\" data-text-day=\"day\" data-text-week=\"week\" data-text-min=\"min\" data-text-sec=\"sec\" data-text-hour-p=\"\" data-text-day-p=\"\" data-text-week-p=\"\" data-text-min-p=\"\" data-text-sec-p=\"\" data-countdown=\"2026\/3\/31 18:00\"><span>&nbsp;<div class=\"loading-spin dark centered\"><\/div><strong>&nbsp;<\/strong><\/span><\/div>\n<style>\n#timer-656481771 {\n  font-size: 307%;\n}\n#timer-656481771 span {\n  background-color: rgba(255, 255, 255, 0.86);\n}\n<\/style>\n\n<a class=\"button white is-outline\"  >\n    <span>Shop Men<\/span>\n  <\/a>\n\n<a class=\"button white is-outline\"  >\n    <span>Shop Women<\/span>\n  <\/a>\n\n<a class=\"button white is-outline\"  >\n    <span>Shop all<\/span>\n  <\/a>\n\n              <\/div>\n           <\/div>\n                            \n<style>\n#text-box-1732445231 {\n  width: 80%;\n}\n#text-box-1732445231 .text-box-content {\n  font-size: 100%;\n}\n@media (min-width:550px) {\n  #text-box-1732445231 {\n    width: 69%;\n  }\n}\n<\/style>\n    <\/div>\n \n        <\/div>\n      <\/div>\n\n            \n<style>\n#banner-747564430 {\n  padding-top: 706px;\n}\n#banner-747564430 .bg.bg-loaded {\n  background-image: 8093;\n}\n#banner-747564430 .overlay {\n  background-color: rgba(0, 0, 0, 0.35);\n}\n#banner-747564430 .bg {\n  background-position: 40% 54%;\n}\n<\/style>\n  <\/div>\n\n\n     <\/div>\n\n     <div class=\"loading-spin dark large centered\"><\/div>\n\n\t<\/div>\n\n\n<div class=\"row align-center\"  id=\"row-1767000934\">\n\n\t<div id=\"col-2031691553\" class=\"col medium-8 small-12 large-8\"  >\n\t\t\t\t<div class=\"col-inner text-center\"  >\n\t\t\t\n\t\t\t\n<h1 class=\"uppercase\">Welcome to our Shop<\/h1>\n<p class=\"lead\">Lorem ipsum dolor sit amet, consectetuer adipiscing elit, sed diam nonummy nibh euismod tincidunt ut laoreet dolore magna aliquam erat volutpat.<\/p>\n\t\t<\/div>\n\t\t\t\t\t<\/div>\n\n\t\n<\/div>\n<div class=\"container section-title-container\" ><h3 class=\"section-title section-title-bold-center\"><b><\/b><span class=\"section-title-main\" style=\"font-size:undefined%;\">Browse products<\/span><b><\/b><\/h3><\/div>\n[ux_product_categories style=&#8221;overlay&#8221; type=&#8221;grid&#8221; grid=&#8221;8&#8243; grid_height=&#8221;300px&#8221; depth=&#8221;1&#8243; depth_hover=&#8221;4&#8243; number=&#8221;7&#8243; text_pos=&#8221;middle&#8221; text_size=&#8221;large&#8221;]\n\t<div id=\"gap-226416200\" class=\"gap-element clearfix\" style=\"display:block; height:auto;\">\n\t\t\n<style>\n#gap-226416200 {\n  padding-top: 54px;\n}\n<\/style>\n\t<\/div>\n\t\n\n  <div class=\"banner has-hover\" id=\"banner-686831440\">\n          <div class=\"banner-inner fill\">\n        <div class=\"banner-bg fill\" >\n            <div class=\"bg fill bg-fill \"><\/div>\n                                    \n                    <\/div>\n\t\t\n        <div class=\"banner-layers container\">\n            <div class=\"fill banner-link\"><\/div>            \n   <div id=\"text-box-449669008\" class=\"text-box banner-layer x50 md-x5 lg-x5 y50 md-y50 lg-y50 res-text\">\n                                <div class=\"text-box-content text dark\">\n              \n              <div class=\"text-inner text-center\">\n                  \n<h2 class=\"uppercase\"><strong>never miss a sale again<\/strong><\/h2>\n<p class=\"lead\">Sign up for our Newsletter<\/p>\n<p class=\"wpcf7-contact-form-not-found\"><strong>L\u1ed7i:<\/strong> Kh\u00f4ng t\u00ecm th\u1ea5y bi\u1ec3u m\u1eabu li\u00ean h\u1ec7.<\/p>\n              <\/div>\n           <\/div>\n                            \n<style>\n#text-box-449669008 {\n  width: 76%;\n}\n#text-box-449669008 .text-box-content {\n  font-size: 100%;\n}\n@media (min-width:550px) {\n  #text-box-449669008 {\n    width: 40%;\n  }\n}\n<\/style>\n    <\/div>\n \n        <\/div>\n      <\/div>\n\n            \n<style>\n#banner-686831440 {\n  padding-top: 387px;\n}\n#banner-686831440 .bg.bg-loaded {\n  background-image: 8053;\n}\n#banner-686831440 .bg {\n  background-position: 49% 7%;\n}\n<\/style>\n  <\/div>\n\n\n<div class=\"container section-title-container\" ><h3 class=\"section-title section-title-bold-center\"><b><\/b><span class=\"section-title-main\" style=\"font-size:undefined%;\">Latest news<\/span><b><\/b><\/h3><\/div>\n\n  \n    <div class=\"row large-columns-4 medium-columns-3 small-columns-1 has-shadow row-box-shadow-1 row-box-shadow-4-hover slider row-slider slider-nav-reveal slider-nav-push\"  data-flickity-options='{\"imagesLoaded\": true, \"groupCells\": \"100%\", \"dragThreshold\" : 5, \"cellAlign\": \"left\",\"wrapAround\": true,\"prevNextButtons\": true,\"percentPosition\": true,\"pageDots\": false, \"rightToLeft\": false, \"autoPlay\" : false}' >\n\n  <div class=\"col post-item\" >\n\t\t\t<div class=\"col-inner\">\n\t\t\t\t<div class=\"box box-text-bottom box-blog-post has-hover\">\n          \t\t\t\t\t<div class=\"box-text text-center\" >\n\t\t\t\t\t<div class=\"box-text-inner blog-post-inner\">\n\n\t\t\t\t\t\n\t\t\t\t\t\t\t\t\t\t<h5 class=\"post-title is-large \">\n\t\t\t\t\t\t<a href=\"https:\/\/taxixanhgialai.com\/?p=1\" class=\"plain\">Ch\u00e0o t\u1ea5t c\u1ea3 m\u1ecdi ng\u01b0\u1eddi!<\/a>\n\t\t\t\t\t<\/h5>\n\t\t\t\t\t<div class=\"post-meta is-small op-8\">17 Th\u00e1ng 3, 2026<\/div>\t\t\t\t\t<div class=\"is-divider\"><\/div>\n\t\t\t\t\t\t\t\t\t\t<p class=\"from_the_blog_excerpt \">C\u1ea3m \u01a1n v\u00ec \u0111\u00e3 s\u1eed d\u1ee5ng WordPress. \u0110\u00e2y l\u00e0 b\u00e0i vi\u1ebft \u0111\u1ea7u ti\u00ean c\u1ee7a b\u1ea1n. [...]\t\t\t\t\t<\/p>\n\t\t\t\t\t                                            <p class=\"from_the_blog_comments uppercase is-xsmall\">\n                            1 Comment                        <\/p>\n                    \n\t\t\t\t\t\n\t\t\t\t\t\n\t\t\t\t\t<\/div>\n\t\t\t\t\t<\/div>\n\t\t\t\t\t\t\t\t\t<\/div>\n\t\t\t<\/div>\n\t\t<\/div><\/div>\n","protected":false},"excerpt":{"rendered":"[ux_product_categories style=&#8221;overlay&#8221; type=&#8221;grid&#8221; grid=&#8221;8&#8243; grid_height=&#8221;300px&#8221; depth=&#8221;1&#8243; depth_hover=&#8221;4&#8243; number=&#8221;7&#8243; text_pos=&#8221;middle&#8221; text_size=&#8221;large&#8221;]\n","protected":false},"author":1,"featured_media":0,"parent":0,"menu_order":0,"comment_status":"closed","ping_status":"closed","template":"page-blank.php","meta":{"footnotes":""},"class_list":["post-10","page","type-page","status-publish","hentry"],"yoast_head":"<!-- This site is optimized with the Yoast SEO plugin v27.1.1 - https:\/\/yoast.com\/product\/yoast-seo-wordpress\/ -->\n<title>coming soon - banggiahabitatgrand<\/title>\n<meta name=\"robots\" content=\"index, follow, max-snippet:-1, max-image-preview:large, max-video-preview:-1\" \/>\n<link rel=\"canonical\" href=\"https:\/\/taxixanhgialai.com\/\" \/>\n<meta property=\"og:locale\" content=\"vi_VN\" \/>\n<meta property=\"og:type\" content=\"article\" \/>\n<meta property=\"og:title\" content=\"coming soon - banggiahabitatgrand\" \/>\n<meta property=\"og:description\" content=\"[ux_product_categories style=&#8221;overlay&#8221; type=&#8221;grid&#8221; grid=&#8221;8&#8243; grid_height=&#8221;300px&#8221; depth=&#8221;1&#8243; depth_hover=&#8221;4&#8243; number=&#8221;7&#8243; text_pos=&#8221;middle&#8221; text_size=&#8221;large&#8221;]\" \/>\n<meta property=\"og:url\" content=\"https:\/\/taxixanhgialai.com\/\" \/>\n<meta property=\"og:site_name\" content=\"banggiahabitatgrand\" \/>\n<meta property=\"article:modified_time\" content=\"2026-03-17T06:07:31+00:00\" \/>\n<meta name=\"twitter:card\" content=\"summary_large_image\" \/>\n<meta name=\"twitter:label1\" content=\"\u01af\u1edbc t\u00ednh th\u1eddi gian \u0111\u1ecdc\" \/>\n\t<meta name=\"twitter:data1\" content=\"1 ph\u00fat\" \/>\n<script type=\"application\/ld+json\" class=\"yoast-schema-graph\">{\"@context\":\"https:\/\/schema.org\",\"@graph\":[{\"@type\":\"WebPage\",\"@id\":\"https:\/\/taxixanhgialai.com\/\",\"url\":\"https:\/\/taxixanhgialai.com\/\",\"name\":\"coming soon - banggiahabitatgrand\",\"isPartOf\":{\"@id\":\"https:\/\/taxixanhgialai.com\/#website\"},\"datePublished\":\"2026-03-17T06:06:39+00:00\",\"dateModified\":\"2026-03-17T06:07:31+00:00\",\"breadcrumb\":{\"@id\":\"https:\/\/taxixanhgialai.com\/#breadcrumb\"},\"inLanguage\":\"vi\",\"potentialAction\":[{\"@type\":\"ReadAction\",\"target\":[\"https:\/\/taxixanhgialai.com\/\"]}]},{\"@type\":\"BreadcrumbList\",\"@id\":\"https:\/\/taxixanhgialai.com\/#breadcrumb\",\"itemListElement\":[{\"@type\":\"ListItem\",\"position\":1,\"name\":\"Trang ch\u1ee7\",\"item\":\"https:\/\/taxixanhgialai.com\/\"},{\"@type\":\"ListItem\",\"position\":2,\"name\":\"coming soon\"}]},{\"@type\":\"WebSite\",\"@id\":\"https:\/\/taxixanhgialai.com\/#website\",\"url\":\"https:\/\/taxixanhgialai.com\/\",\"name\":\"banggiahabitatgrand\",\"description\":\"\",\"potentialAction\":[{\"@type\":\"SearchAction\",\"target\":{\"@type\":\"EntryPoint\",\"urlTemplate\":\"https:\/\/taxixanhgialai.com\/?s={search_term_string}\"},\"query-input\":{\"@type\":\"PropertyValueSpecification\",\"valueRequired\":true,\"valueName\":\"search_term_string\"}}],\"inLanguage\":\"vi\"}]}<\/script>\n<!-- \/ Yoast SEO plugin. -->","yoast_head_json":{"title":"coming soon - banggiahabitatgrand","robots":{"index":"index","follow":"follow","max-snippet":"max-snippet:-1","max-image-preview":"max-image-preview:large","max-video-preview":"max-video-preview:-1"},"canonical":"https:\/\/taxixanhgialai.com\/","og_locale":"vi_VN","og_type":"article","og_title":"coming soon - banggiahabitatgrand","og_description":"[ux_product_categories style=&#8221;overlay&#8221; type=&#8221;grid&#8221; grid=&#8221;8&#8243; grid_height=&#8221;300px&#8221; depth=&#8221;1&#8243; depth_hover=&#8221;4&#8243; number=&#8221;7&#8243; text_pos=&#8221;middle&#8221; text_size=&#8221;large&#8221;]","og_url":"https:\/\/taxixanhgialai.com\/","og_site_name":"banggiahabitatgrand","article_modified_time":"2026-03-17T06:07:31+00:00","twitter_card":"summary_large_image","twitter_misc":{"\u01af\u1edbc t\u00ednh th\u1eddi gian \u0111\u1ecdc":"1 ph\u00fat"},"schema":{"@context":"https:\/\/schema.org","@graph":[{"@type":"WebPage","@id":"https:\/\/taxixanhgialai.com\/","url":"https:\/\/taxixanhgialai.com\/","name":"coming soon - banggiahabitatgrand","isPartOf":{"@id":"https:\/\/taxixanhgialai.com\/#website"},"datePublished":"2026-03-17T06:06:39+00:00","dateModified":"2026-03-17T06:07:31+00:00","breadcrumb":{"@id":"https:\/\/taxixanhgialai.com\/#breadcrumb"},"inLanguage":"vi","potentialAction":[{"@type":"ReadAction","target":["https:\/\/taxixanhgialai.com\/"]}]},{"@type":"BreadcrumbList","@id":"https:\/\/taxixanhgialai.com\/#breadcrumb","itemListElement":[{"@type":"ListItem","position":1,"name":"Trang ch\u1ee7","item":"https:\/\/taxixanhgialai.com\/"},{"@type":"ListItem","position":2,"name":"coming soon"}]},{"@type":"WebSite","@id":"https:\/\/taxixanhgialai.com\/#website","url":"https:\/\/taxixanhgialai.com\/","name":"banggiahabitatgrand","description":"","potentialAction":[{"@type":"SearchAction","target":{"@type":"EntryPoint","urlTemplate":"https:\/\/taxixanhgialai.com\/?s={search_term_string}"},"query-input":{"@type":"PropertyValueSpecification","valueRequired":true,"valueName":"search_term_string"}}],"inLanguage":"vi"}]}},"_links":{"self":[{"href":"https:\/\/taxixanhgialai.com\/index.php?rest_route=\/wp\/v2\/pages\/10","targetHints":{"allow":["GET"]}}],"collection":[{"href":"https:\/\/taxixanhgialai.com\/index.php?rest_route=\/wp\/v2\/pages"}],"about":[{"href":"https:\/\/taxixanhgialai.com\/index.php?rest_route=\/wp\/v2\/types\/page"}],"author":[{"embeddable":true,"href":"https:\/\/taxixanhgialai.com\/index.php?rest_route=\/wp\/v2\/users\/1"}],"replies":[{"embeddable":true,"href":"https:\/\/taxixanhgialai.com\/index.php?rest_route=%2Fwp%2Fv2%2Fcomments&post=10"}],"version-history":[{"count":2,"href":"https:\/\/taxixanhgialai.com\/index.php?rest_route=\/wp\/v2\/pages\/10\/revisions"}],"predecessor-version":[{"id":12,"href":"https:\/\/taxixanhgialai.com\/index.php?rest_route=\/wp\/v2\/pages\/10\/revisions\/12"}],"wp:attachment":[{"href":"https:\/\/taxixanhgialai.com\/index.php?rest_route=%2Fwp%2Fv2%2Fmedia&parent=10"}],"curies":[{"name":"wp","href":"https:\/\/api.w.org\/{rel}","templated":true}]}}